{"id":855,"date":"2018-06-14T18:58:07","date_gmt":"2018-06-14T16:58:07","guid":{"rendered":"https:\/\/gaestehauscosima.de\/la-maison\/"},"modified":"2022-01-04T16:03:07","modified_gmt":"2022-01-04T15:03:07","slug":"la-maison","status":"publish","type":"page","link":"https:\/\/www.gaestehauscosima.de\/fr\/la-maison\/","title":{"rendered":"La Maison"},"content":{"rendered":"<div class=\"wpb-content-wrapper\"><p><center><br \/>\n[vc_row][vc_column][vc_column_text]<\/p>\n<table border=\"1\" cellspacing=\"0\" cellpadding=\"0\">\n<tbody>\n<tr>\n<td valign=\"top\" width=\"312\">\n<h2>Chambre \u00e0 coucher 1<\/h2>\n<p>Equipement:<\/p>\n<ul>\n<li>Grand lit pour deux (1,80 x 2,00 m)<\/li>\n<li>2 tables de chevet<\/li>\n<li>commode<\/li>\n<li>Armoire<\/li>\n<li>fauteuil<\/li>\n<li>TV<\/li>\n<\/ul>\n<\/td>\n<td valign=\"top\" width=\"292\"><img loading=\"lazy\" decoding=\"async\" src=\"https:\/\/gaestehauscosima.de\/wp-content\/uploads\/2018\/05\/IMG_9083.jpg\" width=\"325\" height=\"151\" \/><\/td>\n<\/tr>\n<tr>\n<td valign=\"top\" width=\"312\">\n<h2>Chambre \u00e0 coucher 2<\/h2>\n<p>Equipement:<\/p>\n<ul>\n<li>2 lits individuels (je 1,00 x 2,00 m)<\/li>\n<li>2 tables de chevet<\/li>\n<li>Bureuau avec \u00e9tag\u00e8re<\/li>\n<li>2 chaises<\/li>\n<li>Armoire<\/li>\n<\/ul>\n<\/td>\n<td valign=\"top\" width=\"292\">\n<p align=\"center\"><img loading=\"lazy\" decoding=\"async\" src=\"https:\/\/gaestehauscosima.de\/wp-content\/uploads\/2018\/05\/IMG_9087.jpg\" width=\"273\" height=\"205\" \/><\/p>\n<\/td>\n<\/tr>\n<tr>\n<td valign=\"top\" width=\"312\">\n<h2>S\u00e9jour<\/h2>\n<p>Equipement:<\/p>\n<ul>\n<li>Canape-lit<\/li>\n<li>Table basse<\/li>\n<li>2 fauteuils<\/li>\n<li>Ecran plat satellite<\/li>\n<li>placard<\/li>\n<li>Vue dans le jardin<\/li>\n<\/ul>\n<\/td>\n<td valign=\"top\" width=\"292\">\n<p align=\"center\"><img loading=\"lazy\" decoding=\"async\" src=\"https:\/\/gaestehauscosima.de\/wp-content\/uploads\/2018\/05\/IMG_9091.jpg\" width=\"304\" height=\"156\" \/><\/p>\n<\/td>\n<\/tr>\n<tr>\n<td valign=\"top\" width=\"312\">\n<h2>Salle de bains<\/h2>\n<p>Equipement:<\/p>\n<ul>\n<li>Douche<\/li>\n<li>grand lavabo<\/li>\n<li>Machine \u00e0 laver &amp; S\u00e8che linge<\/li>\n<li>Serviettes fra\u00eeches une fois par semaine<\/li>\n<li>Kit avec s\u00e9lection d&#8217;articles hygi\u00e9niques<\/li>\n<li>WC s\u00e9par\u00e9 et lavabo<\/li>\n<\/ul>\n<\/td>\n<td valign=\"top\" width=\"292\">\n<p align=\"center\"><img loading=\"lazy\" decoding=\"async\" src=\"https:\/\/gaestehauscosima.de\/wp-content\/uploads\/2018\/05\/DSC_0193.jpg\" width=\"259\" height=\"173\" \/><\/p>\n<\/td>\n<\/tr>\n<tr>\n<td valign=\"top\" width=\"312\">\n<h2>Cuisine<\/h2>\n<p>Equipement:<\/p>\n<ul>\n<li>Four, cuisin\u00e8re,\u00a0hotte<\/li>\n<li>Lave-vaisselle, machine \u00e0 caf\u00e9<\/li>\n<li>grille-pain,\u00a0microondes<\/li>\n<li>refrig\u00e9rateur avec compartiment cong\u00e9lateur<\/li>\n<li>Bouilloire \u00e9lectrique, presse fruits<\/li>\n<li>ustensiles de cuisine, vaisselle,<\/li>\n<li>couverts et verres pour jusqu\u00b4 \u00e0 8 personnes<\/li>\n<li>serviettes et produits d\u00b4entretien,<\/li>\n<li>cadeau de bienvenue<\/li>\n<\/ul>\n<\/td>\n<td valign=\"top\" width=\"292\">\n<p align=\"center\"><img loading=\"lazy\" decoding=\"async\" src=\"https:\/\/gaestehauscosima.de\/wp-content\/uploads\/2018\/06\/DSC_0076.jpg\" width=\"225\" height=\"337\" \/><\/p>\n<\/td>\n<\/tr>\n<tr>\n<td valign=\"top\" width=\"312\">\n<h2>Jardin<\/h2>\n<p>Vous avez acc\u00e8s au grand jardin. Enfants comme adultes peuvent laisser libre cours \u00e0 leurs envies de relaxer ou de se d\u00e9fouler par un tour de basket-ball ou de tennis de table.<\/p>\n<p>Surtout la balancoire et la cabane de jardin attirent nos jeunes h\u00f4tes \u00e0 l\u2019ext\u00e9rieur.<\/p>\n<p>Le mobilier et l\u2019\u00e9quipement pour des repas sont pr\u00e9sents.<\/p>\n<p>Si vous le d\u00e9sirez, nous mettons un gril \u00e0 votre disposition.<\/p>\n<h1><\/h1>\n<\/td>\n<td valign=\"top\" width=\"292\">\n<p align=\"center\"><img loading=\"lazy\" decoding=\"async\" src=\"https:\/\/gaestehauscosima.de\/wp-content\/uploads\/2018\/06\/DSC_0001.jpg\" width=\"305\" height=\"229\" \/><br \/>\n<img loading=\"lazy\" decoding=\"async\" src=\"https:\/\/gaestehauscosima.de\/wp-content\/uploads\/2018\/06\/DSC_0335.jpg\" width=\"305\" height=\"229\" \/><\/p>\n<\/td>\n<\/tr>\n<tr>\n<td valign=\"top\" width=\"312\">\n<h1><img loading=\"lazy\" decoding=\"async\" src=\"https:\/\/gaestehauscosima.de\/wp-content\/uploads\/2018\/05\/Juni-2013-013.jpg\" width=\"269\" height=\"179\" \/><\/h1>\n<\/td>\n<td valign=\"top\" width=\"292\">\n<p align=\"center\"><img loading=\"lazy\" decoding=\"async\" src=\"https:\/\/gaestehauscosima.de\/wp-content\/uploads\/2018\/06\/Februar-2010-024.jpg\" width=\"305\" height=\"180\" \/><\/p>\n<\/td>\n<\/tr>\n<\/tbody>\n<\/table>\n<p><center><br \/>\n[\/vc_column_text][\/vc_column][\/vc_row]<\/p>\n<\/div>","protected":false},"excerpt":{"rendered":"<p>[vc_row][vc_column][vc_column_text] Chambre \u00e0 coucher 1 Equipement: Grand lit pour deux (1,80 x 2,00 m) 2 tables de chevet commode Armoire fauteuil TV Chambre \u00e0 coucher 2 Equipement: 2 lits individuels (je 1,00 x 2,00 m) 2 tables de chevet Bureuau avec \u00e9tag\u00e8re 2 chaises Armoire S\u00e9jour Equipement: Canape-lit Table basse 2 fauteuils Ecran plat satellite<\/p>\n","protected":false},"author":1,"featured_media":0,"parent":0,"menu_order":0,"comment_status":"closed","ping_status":"closed","template":"","meta":{"footnotes":""},"_links":{"self":[{"href":"https:\/\/www.gaestehauscosima.de\/fr\/wp-json\/wp\/v2\/pages\/855"}],"collection":[{"href":"https:\/\/www.gaestehauscosima.de\/fr\/wp-json\/wp\/v2\/pages"}],"about":[{"href":"https:\/\/www.gaestehauscosima.de\/fr\/wp-json\/wp\/v2\/types\/page"}],"author":[{"embeddable":true,"href":"https:\/\/www.gaestehauscosima.de\/fr\/wp-json\/wp\/v2\/users\/1"}],"replies":[{"embeddable":true,"href":"https:\/\/www.gaestehauscosima.de\/fr\/wp-json\/wp\/v2\/comments?post=855"}],"version-history":[{"count":11,"href":"https:\/\/www.gaestehauscosima.de\/fr\/wp-json\/wp\/v2\/pages\/855\/revisions"}],"predecessor-version":[{"id":935,"href":"https:\/\/www.gaestehauscosima.de\/fr\/wp-json\/wp\/v2\/pages\/855\/revisions\/935"}],"wp:attachment":[{"href":"https:\/\/www.gaestehauscosima.de\/fr\/wp-json\/wp\/v2\/media?parent=855"}],"curies":[{"name":"wp","href":"https:\/\/api.w.org\/{rel}","templated":true}]}}