{"id":849,"date":"2018-06-14T15:47:52","date_gmt":"2018-06-14T13:47:52","guid":{"rendered":"https:\/\/gaestehauscosima.de\/alentours\/"},"modified":"2018-07-06T13:03:31","modified_gmt":"2018-07-06T11:03:31","slug":"alentours","status":"publish","type":"page","link":"https:\/\/www.gaestehauscosima.de\/fr\/alentours\/","title":{"rendered":"Alentours"},"content":{"rendered":"<div class=\"wpb-content-wrapper\"><p>[vc_row][vc_column][vc_column_text]<\/p>\n<p>[\/vc_column_text][\/vc_column][\/vc_row][vc_row][vc_column][\/vc_column][\/vc_row][vc_row el_class=&#8221;p&#8221;][vc_column el_class=&#8221;p&#8221;][vc_column_text el_class=&#8221;p&#8221;]<br \/>\n<center><\/p>\n<table class=\" alignleft\" border=\"0\" cellspacing=\"0\" cellpadding=\"0\">\n<tbody>\n<tr>\n<td valign=\"top\" width=\"359\">La ville de Heinsberg se situe au coeur de l\u2019Europe \u2013 ou bien \u00e0 la pointe ouest de l\u2019Allemagne \u00e0 la fronti\u00e8re des Pays-Bas. Le paysage est caract\u00e9ris\u00e9 par des terres agricoles, des for\u00eats et des landes. Il est travers\u00e9 des rivi\u00e8res Rur, Wurm et Schwalm.<\/p>\n<p>Vous atteignez les pays voisins , les Pays-Bas et la Belgique, ainsi que les grandes villes M\u00f6nchengladbach, D\u00fcsseldorf, Cologne, Aix-la-Chapelle, Roermond, Sittard, Maastricht ou Li\u00e8ge, en 30 \u2013 45 minutes.<\/td>\n<td valign=\"top\" width=\"245\"><img loading=\"lazy\" decoding=\"async\" src=\"https:\/\/gaestehauscosima.de\/wp-content\/uploads\/2018\/06\/fr\u00fchs.jpg\" width=\"230\" height=\"172\" \/><\/td>\n<\/tr>\n<tr>\n<td valign=\"top\" width=\"359\">Ceux qui ont le go\u00fbt pour les promenades \u00e0 v\u00e9lo ou \u00e0 pied, appr\u00e9cieront le r\u00e9seau de pistes cyclables et de chemins de randonn\u00e9es de plus de 550 km de longueur.<\/p>\n<p>En plus Heinsberg se situe directement \u00e0 la piste cyclable \u201eRurUfer-Radweg\u201c, de la Route du Bas Rhin \u201eNieder-Rhein-Route\u201c et de la \u201e2-L\u00e4nder-Route\u201c qui relie l\u2019Allemagne et les Pays-Bas.<\/td>\n<td valign=\"top\" width=\"245\"><img loading=\"lazy\" decoding=\"async\" src=\"https:\/\/gaestehauscosima.de\/wp-content\/uploads\/2018\/06\/DSC_0510.jpg\" width=\"230\" height=\"172\" \/><\/td>\n<\/tr>\n<tr>\n<td valign=\"top\" width=\"359\">De m\u00eame les passionn\u00e9s de culture y trouveront largement leur compte. L\u2019Eglise du Doyenn\u00e9 St. Gangolf, le Mus\u00e9e de l\u2019Art et de l\u2019Histoire R\u00e9gionale Heinsberg, de nombreux moulins \u00e0 vent et des ch\u00e2teaux-forts ainsi que la Mine Mus\u00e9e Schacht 3 \u00e0 H\u00fcckelhoven donnent des id\u00e9es des lieux \u00e0 visiter dans la r\u00e9gion.<\/td>\n<td valign=\"top\" width=\"245\"><img loading=\"lazy\" decoding=\"async\" src=\"https:\/\/gaestehauscosima.de\/wp-content\/uploads\/2018\/07\/Heinsberg-Sept.-2011-002-2-e1530874636183.jpg\" width=\"230\" height=\"172\" \/><\/td>\n<\/tr>\n<tr>\n<td valign=\"top\" width=\"359\">Le centre de Heinsberg vous offre un large choix de magazins, boutiques et caf\u00e9s. Selon le slogan &#8220;Einkaufsstadt Heinsberg&#8221; Hochstra\u00dfe et Apfelstra\u00dfe vous invite \u00e0 vous promener.<\/td>\n<td valign=\"top\" width=\"245\"><img loading=\"lazy\" decoding=\"async\" src=\"https:\/\/gaestehauscosima.de\/wp-content\/uploads\/2018\/06\/DSC_0374-e1530302618583.jpg\" width=\"230\" height=\"172\" \/><\/td>\n<\/tr>\n<tr>\n<td valign=\"top\" width=\"359\">Entre Schierwaldenrath et Gillrath le Selfkantbahn donne un grand spectacle aux amies des ferroviaires \u00e0 vapeur aux jours fixes.<\/td>\n<td valign=\"top\" width=\"245\"><img loading=\"lazy\" decoding=\"async\" src=\"https:\/\/gaestehauscosima.de\/wp-content\/uploads\/2018\/06\/umgebung5.png\" width=\"221\" height=\"163\" \/><\/td>\n<\/tr>\n<tr>\n<td valign=\"top\" width=\"359\">A proximit\u00e9 de la ville Heinsberg ce trouve le lac Lago Laprello. Que ce soit sur pied, \u00e0 v\u00e9lo ou sur l&#8217;eau\u2026 ici on peut se d\u00e9tendre \u00e0 merveille.<\/td>\n<td valign=\"top\" width=\"245\"><img loading=\"lazy\" decoding=\"async\" src=\"https:\/\/gaestehauscosima.de\/wp-content\/uploads\/2018\/06\/umgebung6.png\" width=\"226\" height=\"170\" \/><\/td>\n<\/tr>\n<\/tbody>\n<\/table>\n<p><\/center><br \/>\n[\/vc_column_text][vc_toggle title=&#8221;Liens:&#8221; color=&#8221;juicy_pink&#8221; open=&#8221;true&#8221;]Pour des informations plus d\u00e9taill\u00e9es sur les attractions dans les environs,<br \/>\nveuillez cliquer sur les liens suivants:<\/p>\n<p><a href=\"http:\/\/www.heinsberger-land.de\/\">www.heinsberger-land.de<\/a><br \/>\n<a href=\"https:\/\/heinsberger-land.de\/informieren\/aktuelles-und-veranstaltungen\/\" target=\"_blank\" rel=\"noopener\">Heinsberger\u00a0Land\u00a0Veranstaltungsplan<\/a><br \/>\n<a href=\"http:\/\/www.selfkantbahn.de\/\" target=\"_blank\" rel=\"noopener\">www.selfkantbahn.de<\/a><br \/>\n<a href=\"http:\/\/www.wildpark-gangelt.com\/\" target=\"_blank\" rel=\"noopener\">www.wildpark-gangelt.com<\/a><br \/>\n<a href=\"http:\/\/www.mcarthurglen.com\/nl\/designer-outlet-roermond\/de\/\" target=\"_blank\" rel=\"noopener\">www.mcarthurglen.com\/nl\/designer-outlet-roermond\/de\/<\/a><br \/>\n<a href=\"http:\/\/www.teverenerheide.de\/\" target=\"_blank\" rel=\"noopener\">www.teverenerheide.de<\/a><br \/>\n<a href=\"http:\/\/www.allrounder.de\/\" target=\"_blank\" rel=\"noopener\">www.allrounder.de<\/a><br \/>\n<a href=\"http:\/\/www.gc-wildenrath.de\/\" target=\"_blank\" rel=\"noopener\">www.gc-wildenrath.de<\/a><br \/>\n<a href=\"http:\/\/www.radroutenplaner.nrw.de\/\" target=\"_blank\" rel=\"noopener\">www.radroutenplaner.nrw.de<\/a><br \/>\n<a href=\"http:\/\/www.e3a.nato.int\/\" target=\"_blank\" rel=\"noopener\">www.e3a.nato.int<\/a>[\/vc_toggle][\/vc_column][\/vc_row][vc_row][vc_column][vc_images_carousel images=&#8221;978,974,977,979,975,972,866,791,981,980&#8243; img_size=&#8221;1050&#215;350&#8243; slides_per_view=&#8221;2&#8243; autoplay=&#8221;yes&#8221;][vc_column_text]<\/p>\n<p>[\/vc_column_text][\/vc_column][\/vc_row]<\/p>\n<\/div>","protected":false},"excerpt":{"rendered":"<p>[vc_row][vc_column][vc_column_text] [\/vc_column_text][\/vc_column][\/vc_row][vc_row][vc_column][\/vc_column][\/vc_row][vc_row el_class=&#8221;p&#8221;][vc_column el_class=&#8221;p&#8221;][vc_column_text el_class=&#8221;p&#8221;] La ville de Heinsberg se situe au coeur de l\u2019Europe \u2013 ou bien \u00e0 la pointe ouest de l\u2019Allemagne \u00e0 la fronti\u00e8re des Pays-Bas. Le paysage est caract\u00e9ris\u00e9 par des terres agricoles, des for\u00eats et des landes. Il est travers\u00e9 des rivi\u00e8res Rur, Wurm et Schwalm. Vous atteignez les pays<\/p>\n","protected":false},"author":1,"featured_media":0,"parent":0,"menu_order":0,"comment_status":"closed","ping_status":"closed","template":"","meta":{"footnotes":""},"_links":{"self":[{"href":"https:\/\/www.gaestehauscosima.de\/fr\/wp-json\/wp\/v2\/pages\/849"}],"collection":[{"href":"https:\/\/www.gaestehauscosima.de\/fr\/wp-json\/wp\/v2\/pages"}],"about":[{"href":"https:\/\/www.gaestehauscosima.de\/fr\/wp-json\/wp\/v2\/types\/page"}],"author":[{"embeddable":true,"href":"https:\/\/www.gaestehauscosima.de\/fr\/wp-json\/wp\/v2\/users\/1"}],"replies":[{"embeddable":true,"href":"https:\/\/www.gaestehauscosima.de\/fr\/wp-json\/wp\/v2\/comments?post=849"}],"version-history":[{"count":18,"href":"https:\/\/www.gaestehauscosima.de\/fr\/wp-json\/wp\/v2\/pages\/849\/revisions"}],"predecessor-version":[{"id":1099,"href":"https:\/\/www.gaestehauscosima.de\/fr\/wp-json\/wp\/v2\/pages\/849\/revisions\/1099"}],"wp:attachment":[{"href":"https:\/\/www.gaestehauscosima.de\/fr\/wp-json\/wp\/v2\/media?parent=849"}],"curies":[{"name":"wp","href":"https:\/\/api.w.org\/{rel}","templated":true}]}}