{"id":388,"date":"2018-05-27T16:38:25","date_gmt":"2018-05-27T14:38:25","guid":{"rendered":"https:\/\/gaestehauscosima.de\/services\/"},"modified":"2020-07-10T00:25:54","modified_gmt":"2020-07-09T22:25:54","slug":"services","status":"publish","type":"page","link":"https:\/\/www.gaestehauscosima.de\/fr\/services\/","title":{"rendered":"Services"},"content":{"rendered":"<div class=\"wpb-content-wrapper\"><p>[vc_row][vc_column][vc_column_text]<\/p>\n<p>&nbsp;<\/p>\n<div id=\"Garten\" class=\"container myhidden myvisible animated fadeIn\">\n<div class=\"row\" style=\"text-align: center;\"><\/div>\n<\/div>\n<div id=\"Leistungen\" class=\"container myhidden myvisible animated fadeIn\">\n<h1 class=\"gradient shadow\" style=\"text-align: center;\"><img class=\"img-responsive img_small img_shadow pull-right\" style=\"font-size: 16px;\" alt=\"\" \/><\/h1>\n<p style=\"text-align: center;\">A votre arriv\u00e9e votre h\u00f4tesse Cosima G\u00f6dde vous accueille personnellement avec un petit cadeau.<\/p>\n<p style=\"text-align: center;\">Si vous le d\u00e9sirez, vous pouvez obtenir des couvertures, des oreillers, ou des peignoirs suppl\u00e9mentaires.<\/p>\n<p style=\"text-align: center;\">Vous trouverez des serviettes et des serviettes de douche en nombre suffisant.<\/p>\n<p style=\"text-align: center;\">Il y aura du gel de douche et du savon pour les premiers jours.<\/p>\n<p style=\"text-align: center;\">Le nettoyage de la maison une fois par semaine est inclus.<\/p>\n<p style=\"text-align: center;\">Nous vous livrons volontiers le matin des petits pains au prix co\u00fbtant ou approvisionnons le r\u00e9frig\u00e9rateur selon vos d\u00e9sirs avant votre arriv\u00e9e.<\/p>\n<p style=\"text-align: center;\">Nous pr\u00eatons des bicyclettes aux sportifs pour des excursions dans les environs.<\/p>\n<p style=\"text-align: center;\">Vos propres bicyclettes sont en s\u00e9curit\u00e9 chez nous.<\/p>\n<p style=\"text-align: center;\">Nous sommes joignables \u00e0 toute heure pour r\u00e9pondre \u00e0 vos questions concernant des activit\u00e9s de loisir ou d\u2019organisation.<\/p>\n<p style=\"text-align: center;\">L\u2019hospitalit\u00e9 est pour nous primordiale et nous ferons de notre mieux pour vous offrir un s\u00e9jour aussi agr\u00e9able que possible.<\/p>\n<p style=\"text-align: center;\">Par respect de nos autres clients nous vous prions de vouloir s\u2019abstenir de fumer dans la maison et de ne pas amener des animaux de compagnie.<\/p>\n<p style=\"text-align: center;\">Le parking se trouve directement devant la maison. L\u2019internet est gratuit.<\/p>\n<p>&nbsp;<\/p>\n<\/div>\n<div style=\"text-align: center; width: 100%;\"><center><br \/>\n<img decoding=\"async\" class=\"aligncenter\" src=\"https:\/\/gaestehauscosima.de\/wp-content\/uploads\/2018\/07\/DSC_0187-3-1.jpg\" width=\"25%\" \/><img decoding=\"async\" class=\"aligncenter\" src=\"https:\/\/gaestehauscosima.de\/wp-content\/uploads\/2018\/07\/Fr\u00fchst\u00fcck-G\u00e4stehaus-006.jpg\" width=\"25%\" \/><img decoding=\"async\" class=\"aligncenter\" src=\"https:\/\/gaestehauscosima.de\/wp-content\/uploads\/2018\/07\/juni-2011-018.jpg\" width=\"25%\" \/><img decoding=\"async\" class=\"aligncenter\" src=\"https:\/\/gaestehauscosima.de\/wp-content\/uploads\/2018\/07\/IMG_9268-2.jpg\" width=\"25%\" \/><\/center><\/div>\n<p>[\/vc_column_text][\/vc_column][\/vc_row]<\/p>\n<\/div>","protected":false},"excerpt":{"rendered":"<p>[vc_row][vc_column][vc_column_text] &nbsp; A votre arriv\u00e9e votre h\u00f4tesse Cosima G\u00f6dde vous accueille personnellement avec un petit cadeau. Si vous le d\u00e9sirez, vous pouvez obtenir des couvertures, des oreillers, ou des peignoirs suppl\u00e9mentaires. Vous trouverez des serviettes et des serviettes de douche en nombre suffisant. Il y aura du gel de douche et du savon pour les<\/p>\n","protected":false},"author":1,"featured_media":0,"parent":0,"menu_order":0,"comment_status":"closed","ping_status":"closed","template":"","meta":{"footnotes":""},"_links":{"self":[{"href":"https:\/\/www.gaestehauscosima.de\/fr\/wp-json\/wp\/v2\/pages\/388"}],"collection":[{"href":"https:\/\/www.gaestehauscosima.de\/fr\/wp-json\/wp\/v2\/pages"}],"about":[{"href":"https:\/\/www.gaestehauscosima.de\/fr\/wp-json\/wp\/v2\/types\/page"}],"author":[{"embeddable":true,"href":"https:\/\/www.gaestehauscosima.de\/fr\/wp-json\/wp\/v2\/users\/1"}],"replies":[{"embeddable":true,"href":"https:\/\/www.gaestehauscosima.de\/fr\/wp-json\/wp\/v2\/comments?post=388"}],"version-history":[{"count":11,"href":"https:\/\/www.gaestehauscosima.de\/fr\/wp-json\/wp\/v2\/pages\/388\/revisions"}],"predecessor-version":[{"id":1164,"href":"https:\/\/www.gaestehauscosima.de\/fr\/wp-json\/wp\/v2\/pages\/388\/revisions\/1164"}],"wp:attachment":[{"href":"https:\/\/www.gaestehauscosima.de\/fr\/wp-json\/wp\/v2\/media?parent=388"}],"curies":[{"name":"wp","href":"https:\/\/api.w.org\/{rel}","templated":true}]}}